{"id":3931,"date":"2013-01-30T22:49:29","date_gmt":"2013-01-30T13:49:29","guid":{"rendered":"http:\/\/patosan.wpengine.com\/?page_id=3931"},"modified":"2014-06-24T23:21:46","modified_gmt":"2014-06-24T14:21:46","slug":"galerie-japon","status":"publish","type":"page","link":"https:\/\/patosan.com\/fr\/galerie-japon\/","title":{"rendered":"Galerie Japon"},"content":{"rendered":"<p>J&rsquo;ai v\u00e9cu une trentaine d&rsquo;ann\u00e9es au Japon et pris quelques photos pendant ce temps. Le Japon est sans aucun doute un paradis pour les photographes. Tout est tellement photog\u00e9nique, les formes, les couleurs, les styles modernes ou anciens, l&rsquo;atmosph\u00e8re, les gens, la nature, les costumes et les traditions &#8212; tellement de possibilit\u00e9s de sujet.<\/p>\n<p>&nbsp;<\/p>\n","protected":false},"excerpt":{"rendered":"<p>J&rsquo;ai v\u00e9cu une trentaine d&rsquo;ann\u00e9es au Japon et pris quelques photos pendant ce temps. Le Japon est sans aucun doute un paradis pour les photographes. Tout est tellement photog\u00e9nique, les formes, les couleurs, les styles modernes ou anciens, l&rsquo;atmosph\u00e8re, les gens, la nature, les costumes et les traditions &#8212; tellement de possibilit\u00e9s de sujet. &nbsp;<\/p>\n","protected":false},"author":1,"featured_media":4864,"parent":0,"menu_order":0,"comment_status":"open","ping_status":"open","template":"page-template-portfolio.php","meta":{"_monsterinsights_skip_tracking":false,"_monsterinsights_sitenote_active":false,"_monsterinsights_sitenote_note":"","_monsterinsights_sitenote_category":0,"jetpack_post_was_ever_published":false,"footnotes":""},"class_list":["post-3931","page","type-page","status-publish","has-post-thumbnail","hentry"],"jetpack_sharing_enabled":true,"jetpack_shortlink":"https:\/\/wp.me\/P1yFuS-11p","jetpack_likes_enabled":true,"jetpack-related-posts":[],"_links":{"self":[{"href":"https:\/\/patosan.com\/fr\/wp-json\/wp\/v2\/pages\/3931","targetHints":{"allow":["GET"]}}],"collection":[{"href":"https:\/\/patosan.com\/fr\/wp-json\/wp\/v2\/pages"}],"about":[{"href":"https:\/\/patosan.com\/fr\/wp-json\/wp\/v2\/types\/page"}],"author":[{"embeddable":true,"href":"https:\/\/patosan.com\/fr\/wp-json\/wp\/v2\/users\/1"}],"replies":[{"embeddable":true,"href":"https:\/\/patosan.com\/fr\/wp-json\/wp\/v2\/comments?post=3931"}],"version-history":[{"count":0,"href":"https:\/\/patosan.com\/fr\/wp-json\/wp\/v2\/pages\/3931\/revisions"}],"wp:featuredmedia":[{"embeddable":true,"href":"https:\/\/patosan.com\/fr\/wp-json\/wp\/v2\/media\/4864"}],"wp:attachment":[{"href":"https:\/\/patosan.com\/fr\/wp-json\/wp\/v2\/media?parent=3931"}],"curies":[{"name":"wp","href":"https:\/\/api.w.org\/{rel}","templated":true}]}}